{"id":1089,"date":"2021-09-06T12:03:32","date_gmt":"2021-09-06T12:03:32","guid":{"rendered":"https:\/\/zelli.xiangbusiness.com\/inicio\/"},"modified":"2023-11-29T19:39:37","modified_gmt":"2023-11-29T19:39:37","slug":"inicio","status":"publish","type":"page","link":"https:\/\/zelli.xyz\/es\/","title":{"rendered":"INICIO"},"content":{"rendered":"","protected":false},"excerpt":{"rendered":"","protected":false},"author":1,"featured_media":0,"parent":0,"menu_order":0,"comment_status":"open","ping_status":"closed","template":"","meta":{"_joinchat":[],"footnotes":""},"class_list":["post-1089","page","type-page","status-publish","hentry"],"yoast_head":"<!-- This site is optimized with the Yoast SEO Premium plugin v21.6 (Yoast SEO v27.4) - https:\/\/yoast.com\/product\/yoast-seo-premium-wordpress\/ -->\n<title>INICIO - Zelli Dispositivos el\u00e9ctronicos<\/title>\n<meta name=\"description\" content=\"Especialista en venta de dispositivos electr\u00f3nicos de marcas reconocidas que brindan calidad y garant\u00eda.\" \/>\n<meta name=\"robots\" content=\"index, follow, max-snippet:-1, max-image-preview:large, max-video-preview:-1\" \/>\n<link rel=\"canonical\" href=\"https:\/\/zelli.xyz\/es\/\" \/>\n<meta property=\"og:locale\" content=\"es_ES\" \/>\n<meta property=\"og:type\" content=\"article\" \/>\n<meta property=\"og:title\" content=\"INICIO\" \/>\n<meta property=\"og:description\" content=\"Especialista en venta de dispositivos electr\u00f3nicos de marcas reconocidas que brindan calidad y garant\u00eda.\" \/>\n<meta property=\"og:url\" content=\"https:\/\/zelli.xyz\/es\/\" \/>\n<meta property=\"og:site_name\" content=\"Zelli\" \/>\n<meta property=\"article:modified_time\" content=\"2023-11-29T19:39:37+00:00\" \/>\n<meta name=\"twitter:card\" content=\"summary_large_image\" \/>\n<script type=\"application\/ld+json\" class=\"yoast-schema-graph\">{\"@context\":\"https:\\\/\\\/schema.org\",\"@graph\":[{\"@type\":\"WebPage\",\"@id\":\"https:\\\/\\\/zelli.xyz\\\/es\\\/\",\"url\":\"https:\\\/\\\/zelli.xyz\\\/es\\\/\",\"name\":\"INICIO - Zelli Dispositivos el\u00e9ctronicos\",\"isPartOf\":{\"@id\":\"https:\\\/\\\/zelli.xyz\\\/es\\\/#website\"},\"datePublished\":\"2021-09-06T12:03:32+00:00\",\"dateModified\":\"2023-11-29T19:39:37+00:00\",\"description\":\"Especialista en venta de dispositivos electr\u00f3nicos de marcas reconocidas que brindan calidad y garant\u00eda.\",\"breadcrumb\":{\"@id\":\"https:\\\/\\\/zelli.xyz\\\/es\\\/#breadcrumb\"},\"inLanguage\":\"es\",\"potentialAction\":[{\"@type\":\"ReadAction\",\"target\":[\"https:\\\/\\\/zelli.xyz\\\/es\\\/\"]}]},{\"@type\":\"BreadcrumbList\",\"@id\":\"https:\\\/\\\/zelli.xyz\\\/es\\\/#breadcrumb\",\"itemListElement\":[{\"@type\":\"ListItem\",\"position\":1,\"name\":\"Home\",\"item\":\"https:\\\/\\\/zelli.xyz\\\/es\\\/\"},{\"@type\":\"ListItem\",\"position\":2,\"name\":\"INICIO\"}]},{\"@type\":\"WebSite\",\"@id\":\"https:\\\/\\\/zelli.xyz\\\/es\\\/#website\",\"url\":\"https:\\\/\\\/zelli.xyz\\\/es\\\/\",\"name\":\"https:\\\/\\\/zelli.xyz\\\/\",\"description\":\"\",\"publisher\":{\"@id\":\"https:\\\/\\\/zelli.xyz\\\/es\\\/#\\\/schema\\\/person\\\/10d3aeb0da61ac27bfb9dff6415b9035\"},\"potentialAction\":[{\"@type\":\"SearchAction\",\"target\":{\"@type\":\"EntryPoint\",\"urlTemplate\":\"https:\\\/\\\/zelli.xyz\\\/es\\\/?s={search_term_string}\"},\"query-input\":{\"@type\":\"PropertyValueSpecification\",\"valueRequired\":true,\"valueName\":\"search_term_string\"}}],\"inLanguage\":\"es\"},{\"@type\":[\"Person\",\"Organization\"],\"@id\":\"https:\\\/\\\/zelli.xyz\\\/es\\\/#\\\/schema\\\/person\\\/10d3aeb0da61ac27bfb9dff6415b9035\",\"name\":\"zelliadmin\",\"image\":{\"@type\":\"ImageObject\",\"inLanguage\":\"es\",\"@id\":\"https:\\\/\\\/zelli.xyz\\\/wp-content\\\/uploads\\\/2023\\\/11\\\/Diseno-Interfaz-Web-Zelli-Logo.png\",\"url\":\"https:\\\/\\\/zelli.xyz\\\/wp-content\\\/uploads\\\/2023\\\/11\\\/Diseno-Interfaz-Web-Zelli-Logo.png\",\"contentUrl\":\"https:\\\/\\\/zelli.xyz\\\/wp-content\\\/uploads\\\/2023\\\/11\\\/Diseno-Interfaz-Web-Zelli-Logo.png\",\"width\":1000,\"height\":322,\"caption\":\"zelliadmin\"},\"logo\":{\"@id\":\"https:\\\/\\\/zelli.xyz\\\/wp-content\\\/uploads\\\/2023\\\/11\\\/Diseno-Interfaz-Web-Zelli-Logo.png\"},\"sameAs\":[\"https:\\\/\\\/zelli.xiangbusiness.com\",\"https:\\\/\\\/www.instagram.com\\\/zelli.xyz\\\/?igshid=MXJ5YXZmZmRtYmk5aw\",\"https:\\\/\\\/www.linkedin.com\\\/company\\\/zellielectronics\\\/\"]}]}<\/script>\n<!-- \/ Yoast SEO Premium plugin. -->","yoast_head_json":{"title":"INICIO - Zelli Dispositivos el\u00e9ctronicos","description":"Especialista en venta de dispositivos electr\u00f3nicos de marcas reconocidas que brindan calidad y garant\u00eda.","robots":{"index":"index","follow":"follow","max-snippet":"max-snippet:-1","max-image-preview":"max-image-preview:large","max-video-preview":"max-video-preview:-1"},"canonical":"https:\/\/zelli.xyz\/es\/","og_locale":"es_ES","og_type":"article","og_title":"INICIO","og_description":"Especialista en venta de dispositivos electr\u00f3nicos de marcas reconocidas que brindan calidad y garant\u00eda.","og_url":"https:\/\/zelli.xyz\/es\/","og_site_name":"Zelli","article_modified_time":"2023-11-29T19:39:37+00:00","twitter_card":"summary_large_image","schema":{"@context":"https:\/\/schema.org","@graph":[{"@type":"WebPage","@id":"https:\/\/zelli.xyz\/es\/","url":"https:\/\/zelli.xyz\/es\/","name":"INICIO - Zelli Dispositivos el\u00e9ctronicos","isPartOf":{"@id":"https:\/\/zelli.xyz\/es\/#website"},"datePublished":"2021-09-06T12:03:32+00:00","dateModified":"2023-11-29T19:39:37+00:00","description":"Especialista en venta de dispositivos electr\u00f3nicos de marcas reconocidas que brindan calidad y garant\u00eda.","breadcrumb":{"@id":"https:\/\/zelli.xyz\/es\/#breadcrumb"},"inLanguage":"es","potentialAction":[{"@type":"ReadAction","target":["https:\/\/zelli.xyz\/es\/"]}]},{"@type":"BreadcrumbList","@id":"https:\/\/zelli.xyz\/es\/#breadcrumb","itemListElement":[{"@type":"ListItem","position":1,"name":"Home","item":"https:\/\/zelli.xyz\/es\/"},{"@type":"ListItem","position":2,"name":"INICIO"}]},{"@type":"WebSite","@id":"https:\/\/zelli.xyz\/es\/#website","url":"https:\/\/zelli.xyz\/es\/","name":"https:\/\/zelli.xyz\/","description":"","publisher":{"@id":"https:\/\/zelli.xyz\/es\/#\/schema\/person\/10d3aeb0da61ac27bfb9dff6415b9035"},"potentialAction":[{"@type":"SearchAction","target":{"@type":"EntryPoint","urlTemplate":"https:\/\/zelli.xyz\/es\/?s={search_term_string}"},"query-input":{"@type":"PropertyValueSpecification","valueRequired":true,"valueName":"search_term_string"}}],"inLanguage":"es"},{"@type":["Person","Organization"],"@id":"https:\/\/zelli.xyz\/es\/#\/schema\/person\/10d3aeb0da61ac27bfb9dff6415b9035","name":"zelliadmin","image":{"@type":"ImageObject","inLanguage":"es","@id":"https:\/\/zelli.xyz\/wp-content\/uploads\/2023\/11\/Diseno-Interfaz-Web-Zelli-Logo.png","url":"https:\/\/zelli.xyz\/wp-content\/uploads\/2023\/11\/Diseno-Interfaz-Web-Zelli-Logo.png","contentUrl":"https:\/\/zelli.xyz\/wp-content\/uploads\/2023\/11\/Diseno-Interfaz-Web-Zelli-Logo.png","width":1000,"height":322,"caption":"zelliadmin"},"logo":{"@id":"https:\/\/zelli.xyz\/wp-content\/uploads\/2023\/11\/Diseno-Interfaz-Web-Zelli-Logo.png"},"sameAs":["https:\/\/zelli.xiangbusiness.com","https:\/\/www.instagram.com\/zelli.xyz\/?igshid=MXJ5YXZmZmRtYmk5aw","https:\/\/www.linkedin.com\/company\/zellielectronics\/"]}]}},"_links":{"self":[{"href":"https:\/\/zelli.xyz\/es\/wp-json\/wp\/v2\/pages\/1089","targetHints":{"allow":["GET"]}}],"collection":[{"href":"https:\/\/zelli.xyz\/es\/wp-json\/wp\/v2\/pages"}],"about":[{"href":"https:\/\/zelli.xyz\/es\/wp-json\/wp\/v2\/types\/page"}],"author":[{"embeddable":true,"href":"https:\/\/zelli.xyz\/es\/wp-json\/wp\/v2\/users\/1"}],"replies":[{"embeddable":true,"href":"https:\/\/zelli.xyz\/es\/wp-json\/wp\/v2\/comments?post=1089"}],"version-history":[{"count":1,"href":"https:\/\/zelli.xyz\/es\/wp-json\/wp\/v2\/pages\/1089\/revisions"}],"predecessor-version":[{"id":1116,"href":"https:\/\/zelli.xyz\/es\/wp-json\/wp\/v2\/pages\/1089\/revisions\/1116"}],"wp:attachment":[{"href":"https:\/\/zelli.xyz\/es\/wp-json\/wp\/v2\/media?parent=1089"}],"curies":[{"name":"wp","href":"https:\/\/api.w.org\/{rel}","templated":true}]}}